{"id":2,"date":"2022-08-31T23:26:54","date_gmt":"2022-08-31T23:26:54","guid":{"rendered":"https:\/\/salonbarbeblanche.com\/?page_id=2"},"modified":"2024-11-21T17:34:21","modified_gmt":"2024-11-21T17:34:21","slug":"vip","status":"publish","type":"page","link":"https:\/\/salonbarbeblanche.com\/index.php\/vip\/","title":{"rendered":"RENDEZ-VOUS"},"content":{"rendered":"\n<p>Prenez rendez-vous chez&nbsp;Salon Barbe Blanche<\/p>\n\n\n\n<p><\/p>\n\n\n\n<p>Pour toute question ou pour prendre un rendez-vous, nous vous invitons \u00e0 nous t\u00e9l\u00e9phoner OU en ligne <\/p>\n\n\n\n<p><\/p>\n\n\n\n<p>Tel:  <a href=\"https:\/\/salonbarbeblanche.com\/index.php\/sample-page\/#\">(+1) 514 797 6454<\/a><\/p>\n\n\n\n<p><\/p>\n\n\n\n<h2 class=\"wp-block-heading\">Rendez-vous<\/h2>\n\n\n\n<p><\/p>\n\n\n\n<pre class=\"wp-block-code alignwide\" style=\"border-style:none;border-width:0px;margin-top:10rem;margin-bottom:10rem;font-size:0px\"><code><!-- Start Square Appointments Embed Code --><script src=\"https:\/\/square.site\/appointments\/buyer\/widget\/78tpzxlw4jqmo4\/LK9EBBZT64PRB.js\"><\/script><!-- End Square Appointments Embed Code -->\n<\/code><\/pre>\n\n\n\n<p><\/p>\n","protected":false},"excerpt":{"rendered":"<p>Prenez rendez-vous chez&nbsp;Salon Barbe Blanche Pour toute question ou pour prendre un rendez-vous, nous vous invitons \u00e0 nous t\u00e9l\u00e9phoner OU en ligne Tel: (+1) 514 797 6454 Rendez-vous<\/p>\n","protected":false},"author":1,"featured_media":0,"parent":0,"menu_order":0,"comment_status":"closed","ping_status":"open","template":"","meta":{"om_disable_all_campaigns":false,"_monsterinsights_skip_tracking":false,"_monsterinsights_sitenote_active":false,"_monsterinsights_sitenote_note":"","_monsterinsights_sitenote_category":0,"footnotes":""},"class_list":["post-2","page","type-page","status-publish","hentry"],"aioseo_notices":[],"_links":{"self":[{"href":"https:\/\/salonbarbeblanche.com\/index.php\/wp-json\/wp\/v2\/pages\/2"}],"collection":[{"href":"https:\/\/salonbarbeblanche.com\/index.php\/wp-json\/wp\/v2\/pages"}],"about":[{"href":"https:\/\/salonbarbeblanche.com\/index.php\/wp-json\/wp\/v2\/types\/page"}],"author":[{"embeddable":true,"href":"https:\/\/salonbarbeblanche.com\/index.php\/wp-json\/wp\/v2\/users\/1"}],"replies":[{"embeddable":true,"href":"https:\/\/salonbarbeblanche.com\/index.php\/wp-json\/wp\/v2\/comments?post=2"}],"version-history":[{"count":19,"href":"https:\/\/salonbarbeblanche.com\/index.php\/wp-json\/wp\/v2\/pages\/2\/revisions"}],"predecessor-version":[{"id":92,"href":"https:\/\/salonbarbeblanche.com\/index.php\/wp-json\/wp\/v2\/pages\/2\/revisions\/92"}],"wp:attachment":[{"href":"https:\/\/salonbarbeblanche.com\/index.php\/wp-json\/wp\/v2\/media?parent=2"}],"curies":[{"name":"wp","href":"https:\/\/api.w.org\/{rel}","templated":true}]}}